{"id":6841,"date":"2025-06-04T14:03:40","date_gmt":"2025-06-04T14:03:40","guid":{"rendered":"https:\/\/maitresaliha.ma\/?post_type=product&#038;p=6841"},"modified":"2025-06-04T14:50:59","modified_gmt":"2025-06-04T14:50:59","slug":"bougie-parfum-fleur-doranger-bio-chargee-reiki-copy","status":"publish","type":"product","link":"https:\/\/maitresaliha.ma\/index.php\/product\/bougie-parfum-fleur-doranger-bio-chargee-reiki-copy\/","title":{"rendered":"Huile \u00e0 bruler fleur d&#8217;oranger B\u00e9ni par le REIKI"},"content":{"rendered":"\t\t<div data-elementor-type=\"wp-post\" data-elementor-id=\"6841\" class=\"elementor elementor-6841\" data-elementor-post-type=\"product\">\n\t\t\t\t\t\t<section class=\"elementor-section elementor-top-section elementor-element elementor-element-6c7953f9 elementor-section-boxed elementor-section-height-default elementor-section-height-default\" data-id=\"6c7953f9\" data-element_type=\"section\" data-settings=\"{&quot;wdt_bg_image&quot;:{&quot;url&quot;:&quot;&quot;,&quot;id&quot;:&quot;&quot;,&quot;size&quot;:&quot;&quot;},&quot;wdt_bg_image_laptop&quot;:{&quot;url&quot;:&quot;&quot;,&quot;id&quot;:&quot;&quot;,&quot;size&quot;:&quot;&quot;},&quot;wdt_bg_image_tablet_extra&quot;:{&quot;url&quot;:&quot;&quot;,&quot;id&quot;:&quot;&quot;,&quot;size&quot;:&quot;&quot;},&quot;wdt_bg_image_tablet&quot;:{&quot;url&quot;:&quot;&quot;,&quot;id&quot;:&quot;&quot;,&quot;size&quot;:&quot;&quot;},&quot;wdt_bg_image_mobile_extra&quot;:{&quot;url&quot;:&quot;&quot;,&quot;id&quot;:&quot;&quot;,&quot;size&quot;:&quot;&quot;},&quot;wdt_bg_image_mobile&quot;:{&quot;url&quot;:&quot;&quot;,&quot;id&quot;:&quot;&quot;,&quot;size&quot;:&quot;&quot;},&quot;wdt_bg_position&quot;:&quot;center center&quot;,&quot;wdt_animation_effect&quot;:&quot;none&quot;}\">\n\t\t\t\t\t\t<div class=\"elementor-container elementor-column-gap-default\">\n\t\t\t\t\t<div class=\"elementor-column elementor-col-50 elementor-top-column elementor-element elementor-element-6c28099d\" data-id=\"6c28099d\" data-element_type=\"column\">\n\t\t\t<div class=\"elementor-widget-wrap elementor-element-populated\">\n\t\t\t\t\t\t<div class=\"elementor-element elementor-element-3f98561 elementor-widget elementor-widget-wdt-shop-product-single-images-carousel\" data-id=\"3f98561\" data-element_type=\"widget\" data-settings=\"{&quot;carousel_slidesperview&quot;:&quot;1&quot;,&quot;carousel_slidesperview_laptop&quot;:&quot;1&quot;,&quot;carousel_slidesperview_tablet_extra&quot;:&quot;1&quot;,&quot;carousel_slidesperview_tablet&quot;:&quot;1&quot;,&quot;carousel_slidesperview_mobile_extra&quot;:1,&quot;carousel_slidesperview_mobile&quot;:1,&quot;wdt_animation_effect&quot;:&quot;none&quot;}\" data-widget_type=\"wdt-shop-product-single-images-carousel.default\">\n\t\t\t\t<div class=\"elementor-widget-container\">\n\t\t\t\t\tPlease provide product id to display corresponding data!\t\t\t\t<\/div>\n\t\t\t\t<\/div>\n\t\t\t\t\t<\/div>\n\t\t<\/div>\n\t\t\t\t<div class=\"elementor-column elementor-col-50 elementor-top-column elementor-element elementor-element-6480f92\" data-id=\"6480f92\" data-element_type=\"column\">\n\t\t\t<div class=\"elementor-widget-wrap elementor-element-populated\">\n\t\t\t\t\t\t<div class=\"elementor-element elementor-element-0c443cd elementor-widget elementor-widget-wdt-shop-product-single-summary\" data-id=\"0c443cd\" data-element_type=\"widget\" data-settings=\"{&quot;wdt_animation_effect&quot;:&quot;none&quot;}\" data-widget_type=\"wdt-shop-product-single-summary.default\">\n\t\t\t\t<div class=\"elementor-widget-container\">\n\t\t\t\t\tPlease provide product id to display corresponding data!\t\t\t\t<\/div>\n\t\t\t\t<\/div>\n\t\t\t\t\t<\/div>\n\t\t<\/div>\n\t\t\t\t\t<\/div>\n\t\t<\/section>\n\t\t\t\t<\/div>\n\t\t","protected":false},"excerpt":{"rendered":"<p>Nous proposons une huile \u00e0 diffuser \u00e0 la fleur d&#8217;oranger charg\u00e9e au Reiki, int\u00e9grant une approche holistique dans sa formule biologique. Chaque goutte est impr\u00e9gn\u00e9e d&#8217;\u00e9nergie Reiki, apportant des bienfaits [&hellip;]<\/p>\n","protected":false},"featured_media":6854,"comment_status":"open","ping_status":"closed","template":"","meta":{"_price":"300","_stock":"1","_tribe_ticket_header":"","_tribe_default_ticket_provider":"","_tribe_ticket_capacity":"1","_ticket_start_date":"","_ticket_end_date":"","_tribe_ticket_show_description":"","_tribe_ticket_show_not_going":false,"_tribe_ticket_use_global_stock":"","_tribe_ticket_global_stock_level":"","_global_stock_mode":"","_global_stock_cap":"","_tribe_rsvp_for_event":"","_tribe_ticket_going_count":"","_tribe_ticket_not_going_count":"","_tribe_tickets_list":"[]","_tribe_ticket_has_attendee_info_fields":false},"product_cat":[113],"product_tag":[],"class_list":{"0":"post-6841","1":"product","2":"type-product","3":"status-publish","4":"has-post-thumbnail","6":"product_cat-healing-cosmetics","9":"instock","10":"sale","11":"shipping-taxable","12":"purchasable","13":"product-type-simple","14":"product-grid-view"},"_links":{"self":[{"href":"https:\/\/maitresaliha.ma\/index.php\/wp-json\/wp\/v2\/product\/6841","targetHints":{"allow":["GET"]}}],"collection":[{"href":"https:\/\/maitresaliha.ma\/index.php\/wp-json\/wp\/v2\/product"}],"about":[{"href":"https:\/\/maitresaliha.ma\/index.php\/wp-json\/wp\/v2\/types\/product"}],"replies":[{"embeddable":true,"href":"https:\/\/maitresaliha.ma\/index.php\/wp-json\/wp\/v2\/comments?post=6841"}],"wp:featuredmedia":[{"embeddable":true,"href":"https:\/\/maitresaliha.ma\/index.php\/wp-json\/wp\/v2\/media\/6854"}],"wp:attachment":[{"href":"https:\/\/maitresaliha.ma\/index.php\/wp-json\/wp\/v2\/media?parent=6841"}],"wp:term":[{"taxonomy":"product_cat","embeddable":true,"href":"https:\/\/maitresaliha.ma\/index.php\/wp-json\/wp\/v2\/product_cat?post=6841"},{"taxonomy":"product_tag","embeddable":true,"href":"https:\/\/maitresaliha.ma\/index.php\/wp-json\/wp\/v2\/product_tag?post=6841"}],"curies":[{"name":"wp","href":"https:\/\/api.w.org\/{rel}","templated":true}]}}