{"id":5597,"date":"2024-06-21T17:05:17","date_gmt":"2024-06-21T17:05:17","guid":{"rendered":"https:\/\/maitresaliha.ma\/?page_id=5597"},"modified":"2025-02-07T18:39:54","modified_gmt":"2025-02-07T18:39:54","slug":"cours-de-yoga","status":"publish","type":"page","link":"https:\/\/maitresaliha.ma\/index.php\/cours-de-yoga\/","title":{"rendered":"Th\u00e9rapie en Groupe"},"content":{"rendered":"\t\t<div data-elementor-type=\"wp-page\" data-elementor-id=\"5597\" class=\"elementor elementor-5597\" data-elementor-post-type=\"page\">\n\t\t\t\t\t\t<section class=\"elementor-section elementor-top-section elementor-element elementor-element-71df3c7 elementor-section-boxed elementor-section-height-default elementor-section-height-default\" data-id=\"71df3c7\" data-element_type=\"section\" data-settings=\"{&quot;wdt_bg_image&quot;:{&quot;url&quot;:&quot;&quot;,&quot;id&quot;:&quot;&quot;,&quot;size&quot;:&quot;&quot;},&quot;wdt_bg_image_laptop&quot;:{&quot;url&quot;:&quot;&quot;,&quot;id&quot;:&quot;&quot;,&quot;size&quot;:&quot;&quot;},&quot;wdt_bg_image_tablet_extra&quot;:{&quot;url&quot;:&quot;&quot;,&quot;id&quot;:&quot;&quot;,&quot;size&quot;:&quot;&quot;},&quot;wdt_bg_image_tablet&quot;:{&quot;url&quot;:&quot;&quot;,&quot;id&quot;:&quot;&quot;,&quot;size&quot;:&quot;&quot;},&quot;wdt_bg_image_mobile_extra&quot;:{&quot;url&quot;:&quot;&quot;,&quot;id&quot;:&quot;&quot;,&quot;size&quot;:&quot;&quot;},&quot;wdt_bg_image_mobile&quot;:{&quot;url&quot;:&quot;&quot;,&quot;id&quot;:&quot;&quot;,&quot;size&quot;:&quot;&quot;},&quot;wdt_bg_position&quot;:&quot;center center&quot;,&quot;wdt_animation_effect&quot;:&quot;none&quot;}\">\n\t\t\t\t\t\t<div class=\"elementor-container elementor-column-gap-no\">\n\t\t\t\t\t<div class=\"elementor-column elementor-col-25 elementor-top-column elementor-element elementor-element-5db04b4\" data-id=\"5db04b4\" data-element_type=\"column\">\n\t\t\t<div class=\"elementor-widget-wrap elementor-element-populated\">\n\t\t\t\t\t\t<div class=\"elementor-element elementor-element-ed2c538 wdt-cus-filler4-img1 animated-slow elementor-invisible elementor-widget elementor-widget-image\" data-id=\"ed2c538\" data-element_type=\"widget\" data-settings=\"{&quot;_animation&quot;:&quot;fadeInUp&quot;,&quot;wdt_animation_effect&quot;:&quot;none&quot;}\" data-widget_type=\"image.default\">\n\t\t\t\t<div class=\"elementor-widget-container\">\n\t\t\t\t\t\t\t\t\t\t\t\t\t\t\t<img fetchpriority=\"high\" decoding=\"async\" width=\"1920\" height=\"2560\" src=\"https:\/\/maitresaliha.ma\/wp-content\/uploads\/2024\/06\/IMG_0441-1-scaled.jpg\" class=\"attachment-full size-full wp-image-5888\" alt=\"\" srcset=\"https:\/\/maitresaliha.ma\/wp-content\/uploads\/2024\/06\/IMG_0441-1-scaled.jpg 1920w, https:\/\/maitresaliha.ma\/wp-content\/uploads\/2024\/06\/IMG_0441-1-225x300.jpg 225w, https:\/\/maitresaliha.ma\/wp-content\/uploads\/2024\/06\/IMG_0441-1-768x1024.jpg 768w, https:\/\/maitresaliha.ma\/wp-content\/uploads\/2024\/06\/IMG_0441-1-1152x1536.jpg 1152w, https:\/\/maitresaliha.ma\/wp-content\/uploads\/2024\/06\/IMG_0441-1-1536x2048.jpg 1536w, https:\/\/maitresaliha.ma\/wp-content\/uploads\/2024\/06\/IMG_0441-1-1000x1333.jpg 1000w\" sizes=\"(max-width: 1920px) 100vw, 1920px\" \/>\t\t\t\t\t\t\t\t\t\t\t\t\t\t\t<\/div>\n\t\t\t\t<\/div>\n\t\t\t\t\t<\/div>\n\t\t<\/div>\n\t\t\t\t<div class=\"elementor-column elementor-col-25 elementor-top-column elementor-element elementor-element-20a9652\" data-id=\"20a9652\" data-element_type=\"column\">\n\t\t\t<div class=\"elementor-widget-wrap elementor-element-populated\">\n\t\t\t\t\t\t<section class=\"elementor-section elementor-inner-section elementor-element elementor-element-27f9b1d elementor-section-full_width elementor-section-height-default elementor-section-height-default\" data-id=\"27f9b1d\" data-element_type=\"section\" data-settings=\"{&quot;wdt_bg_image&quot;:{&quot;url&quot;:&quot;&quot;,&quot;id&quot;:&quot;&quot;,&quot;size&quot;:&quot;&quot;},&quot;wdt_bg_image_laptop&quot;:{&quot;url&quot;:&quot;&quot;,&quot;id&quot;:&quot;&quot;,&quot;size&quot;:&quot;&quot;},&quot;wdt_bg_image_tablet_extra&quot;:{&quot;url&quot;:&quot;&quot;,&quot;id&quot;:&quot;&quot;,&quot;size&quot;:&quot;&quot;},&quot;wdt_bg_image_tablet&quot;:{&quot;url&quot;:&quot;&quot;,&quot;id&quot;:&quot;&quot;,&quot;size&quot;:&quot;&quot;},&quot;wdt_bg_image_mobile_extra&quot;:{&quot;url&quot;:&quot;&quot;,&quot;id&quot;:&quot;&quot;,&quot;size&quot;:&quot;&quot;},&quot;wdt_bg_image_mobile&quot;:{&quot;url&quot;:&quot;&quot;,&quot;id&quot;:&quot;&quot;,&quot;size&quot;:&quot;&quot;},&quot;wdt_bg_position&quot;:&quot;center center&quot;,&quot;wdt_animation_effect&quot;:&quot;none&quot;}\">\n\t\t\t\t\t\t<div class=\"elementor-container elementor-column-gap-no\">\n\t\t\t\t\t<div class=\"elementor-column elementor-col-100 elementor-inner-column elementor-element elementor-element-06ad300\" data-id=\"06ad300\" data-element_type=\"column\">\n\t\t\t<div class=\"elementor-widget-wrap\">\n\t\t\t\t\t\t\t<\/div>\n\t\t<\/div>\n\t\t\t\t\t<\/div>\n\t\t<\/section>\n\t\t\t\t<div class=\"elementor-element elementor-element-76112ea elementor-widget-laptop__width-initial wdt-text-img elementor-widget-tablet_extra__width-initial elementor-widget elementor-widget-wdt-text-image\" data-id=\"76112ea\" data-element_type=\"widget\" data-settings=\"{&quot;wdt_animation_effect&quot;:&quot;none&quot;}\" data-widget_type=\"wdt-text-image.default\">\n\t\t\t\t<div class=\"elementor-widget-container\">\n\t\t\t\t\t<div class=\"wdt-elementor-repeater-container\"><h3 class=\"wdt-elementor-repeater-container-wrapper\"><span class=\"wdt-text-tile elementor-repeater-item-497b980\">Programme EMPOWER<\/span><span class=\"wdt-text-tile elementor-repeater-item-39f0bad\">       <\/span><\/h3><\/div>\t\t\t\t<\/div>\n\t\t\t\t<\/div>\n\t\t\t\t<div class=\"elementor-element elementor-element-739d600 elementor-invisible elementor-widget elementor-widget-wdt-heading\" data-id=\"739d600\" data-element_type=\"widget\" data-settings=\"{&quot;_animation&quot;:&quot;fadeInUp&quot;,&quot;_animation_delay&quot;:200,&quot;wdt_animation_effect&quot;:&quot;none&quot;}\" data-widget_type=\"wdt-heading.default\">\n\t\t\t\t<div class=\"elementor-widget-container\">\n\t\t\t\t\t<div class=\"wdt-heading-holder \" id=\"wdt-heading-739d600\"><div class=\"wdt-heading-content-wrapper\">Un cycle de transformation int\u00e9rieure \u00e0 travers plusieures pratiques:\n\nBreathWork -\nMeditation Active-\nlib\u00e9ration \u00c9motionnelle -\nEnseignements Spirituels -\nNettoyages \u00c9nerg\u00e9tique -\nsound Healing -\nYoga et Reiki -\n<\/div><\/div>\t\t\t\t<\/div>\n\t\t\t\t<\/div>\n\t\t\t\t<div class=\"elementor-element elementor-element-9fa5ed1 elementor-invisible elementor-widget elementor-widget-wdt-heading\" data-id=\"9fa5ed1\" data-element_type=\"widget\" data-settings=\"{&quot;_animation&quot;:&quot;fadeInUp&quot;,&quot;_animation_delay&quot;:200,&quot;wdt_animation_effect&quot;:&quot;none&quot;}\" data-widget_type=\"wdt-heading.default\">\n\t\t\t\t<div class=\"elementor-widget-container\">\n\t\t\t\t\t<div class=\"wdt-heading-holder \" id=\"wdt-heading-9fa5ed1\"><div class=\"wdt-heading-content-wrapper\">\nUne Lib\u00e9ration Emotionnelle pour \nse reconnecter au mouvement de la vie et \u00e0 notre intelligence organique.Dynamiser la fonctionnalit\u00e9 des organes vitaux et \u00e9quilibrer les syst\u00e8mes nerveux, immunitaire et endocrinien.\n<\/div><\/div>\t\t\t\t<\/div>\n\t\t\t\t<\/div>\n\t\t\t\t<div class=\"elementor-element elementor-element-e09985c elementor-widget-tablet__width-inherit wdt-custom-btn  elementor-invisible elementor-widget elementor-widget-wdt-button\" data-id=\"e09985c\" data-element_type=\"widget\" data-settings=\"{&quot;item_normal_background_background&quot;:&quot;classic&quot;,&quot;item_hover_background_background&quot;:&quot;classic&quot;,&quot;_animation&quot;:&quot;fadeInUp&quot;,&quot;_animation_delay&quot;:300,&quot;wdt_animation_effect&quot;:&quot;none&quot;}\" data-widget_type=\"wdt-button.default\">\n\t\t\t\t<div class=\"elementor-widget-container\">\n\t\t\t\t\t<div class=\"wdt-button-holder wdt-template-bordered wdt-button-link wdt-button-style-default wdt-button-size-nm wdt-animation- wdt-button-icon-after\" id=\"wdt-button-e09985c\"><a class=\"wdt-button\" href=\"https:\/\/www.momoyoga.com\/Empower\/member\/orderstartdate\/148914\"><div class=\"wdt-button-text\"><span>Reserver<\/span><\/div><\/a><\/div>\t\t\t\t<\/div>\n\t\t\t\t<\/div>\n\t\t\t\t<div class=\"elementor-element elementor-element-dbc0802 before-after-title elementor-invisible elementor-widget elementor-widget-wdt-heading\" data-id=\"dbc0802\" data-element_type=\"widget\" data-settings=\"{&quot;_animation&quot;:&quot;fadeInUp&quot;,&quot;_animation_delay&quot;:200,&quot;header_show_line&quot;:&quot;true&quot;,&quot;wdt_animation_effect&quot;:&quot;none&quot;}\" data-widget_type=\"wdt-heading.default\">\n\t\t\t\t<div class=\"elementor-widget-container\">\n\t\t\t\t\t<div class=\"wdt-heading-holder \" id=\"wdt-heading-dbc0802\"><div class=\"wdt-heading-content-wrapper\">Investissement : \n 1000dh le mois\n\n<\/div><\/div>\t\t\t\t<\/div>\n\t\t\t\t<\/div>\n\t\t\t\t<div class=\"elementor-element elementor-element-63e318a before-after-title elementor-invisible elementor-widget elementor-widget-wdt-heading\" data-id=\"63e318a\" data-element_type=\"widget\" data-settings=\"{&quot;_animation&quot;:&quot;fadeInUp&quot;,&quot;_animation_delay&quot;:200,&quot;header_show_line&quot;:&quot;true&quot;,&quot;wdt_animation_effect&quot;:&quot;none&quot;}\" data-widget_type=\"wdt-heading.default\">\n\t\t\t\t<div class=\"elementor-widget-container\">\n\t\t\t\t\t<div class=\"wdt-heading-holder \" id=\"wdt-heading-63e318a\"><div class=\"wdt-heading-content-wrapper\">Tout les Jeudis de 19h30 \u00e0 21h\n<\/div><\/div>\t\t\t\t<\/div>\n\t\t\t\t<\/div>\n\t\t\t\t\t<\/div>\n\t\t<\/div>\n\t\t\t\t<div class=\"elementor-column elementor-col-25 elementor-top-column elementor-element elementor-element-9fc10e1\" data-id=\"9fc10e1\" data-element_type=\"column\">\n\t\t\t<div class=\"elementor-widget-wrap elementor-element-populated\">\n\t\t\t\t\t\t<div class=\"elementor-element elementor-element-584ae84 wdt-cus-filler4-img2 elementor-widget-tablet__width-initial elementor-widget-mobile_extra__width-inherit animated-slow elementor-invisible elementor-widget elementor-widget-image\" data-id=\"584ae84\" data-element_type=\"widget\" data-settings=\"{&quot;_animation&quot;:&quot;fadeInDown&quot;,&quot;wdt_animation_effect&quot;:&quot;none&quot;}\" data-widget_type=\"image.default\">\n\t\t\t\t<div class=\"elementor-widget-container\">\n\t\t\t\t\t\t\t\t\t\t\t\t\t\t\t<img decoding=\"async\" width=\"1920\" height=\"2560\" src=\"https:\/\/maitresaliha.ma\/wp-content\/uploads\/2024\/06\/IMG_0796-scaled.jpg\" class=\"attachment-full size-full wp-image-5224\" alt=\"\" srcset=\"https:\/\/maitresaliha.ma\/wp-content\/uploads\/2024\/06\/IMG_0796-scaled.jpg 1920w, https:\/\/maitresaliha.ma\/wp-content\/uploads\/2024\/06\/IMG_0796-225x300.jpg 225w, https:\/\/maitresaliha.ma\/wp-content\/uploads\/2024\/06\/IMG_0796-768x1024.jpg 768w, https:\/\/maitresaliha.ma\/wp-content\/uploads\/2024\/06\/IMG_0796-1152x1536.jpg 1152w, https:\/\/maitresaliha.ma\/wp-content\/uploads\/2024\/06\/IMG_0796-1536x2048.jpg 1536w, https:\/\/maitresaliha.ma\/wp-content\/uploads\/2024\/06\/IMG_0796-1000x1333.jpg 1000w\" sizes=\"(max-width: 1920px) 100vw, 1920px\" \/>\t\t\t\t\t\t\t\t\t\t\t\t\t\t\t<\/div>\n\t\t\t\t<\/div>\n\t\t\t\t<div class=\"elementor-element elementor-element-327887e elementor-widget__width-auto wdt-cus-rotate-img animated-fast elementor-invisible elementor-widget elementor-widget-wdt-rotate-image\" data-id=\"327887e\" data-element_type=\"widget\" data-settings=\"{&quot;_animation&quot;:&quot;zoomIn&quot;,&quot;wdt_animation_effect&quot;:&quot;none&quot;}\" data-widget_type=\"wdt-rotate-image.default\">\n\t\t\t\t<div class=\"elementor-widget-container\">\n\t\t\t\t\t<div class=\"wdt-rotate-image-container\" data-settings=\"{&quot;rotation_side&quot;:&quot;anti-clock&quot;}\"><div class=\"wdt-rotate-image\"><a href=\"https:\/\/dtmantra.wpengine.com\/wp-content\/uploads\/2024\/03\/rotate-2.svg\" target=\"_blank\" rel=\"nofollow\"><img decoding=\"async\" src=\"https:\/\/maitresaliha.ma\/wp-content\/uploads\/2024\/03\/rotate-2.svg\" class=\"attachment-full size-full wp-image-676\" alt=\"\" \/><\/a><\/div><div class=\"wdt-rotate-second-image\"><a href=\"https:\/\/dtmantra.wpengine.com\/wp-content\/uploads\/2024\/03\/rotate-1.svg\" target=\"_blank\" rel=\"nofollow\"><img decoding=\"async\" src=\"https:\/\/maitresaliha.ma\/wp-content\/uploads\/2024\/03\/rotate-1.svg\" class=\"attachment-full size-full wp-image-675\" alt=\"\" \/><\/a><\/div><\/div>\t\t\t\t<\/div>\n\t\t\t\t<\/div>\n\t\t\t\t\t<\/div>\n\t\t<\/div>\n\t\t\t\t<div class=\"elementor-column elementor-col-25 elementor-top-column elementor-element elementor-element-7e57b82 elementor-hidden-mobile_extra elementor-hidden-mobile\" data-id=\"7e57b82\" data-element_type=\"column\">\n\t\t\t<div class=\"elementor-widget-wrap\">\n\t\t\t\t\t\t\t<\/div>\n\t\t<\/div>\n\t\t\t\t\t<\/div>\n\t\t<\/section>\n\t\t<div class=\"elementor-element elementor-element-2bd1c78 e-flex e-con-boxed e-con e-parent\" data-id=\"2bd1c78\" data-element_type=\"container\">\n\t\t\t\t\t<div class=\"e-con-inner\">\n\t\t\t\t<div class=\"elementor-element elementor-element-7727d98 wdt-cus-animation animated-slow elementor-invisible elementor-widget elementor-widget-wdt-animation\" data-id=\"7727d98\" data-element_type=\"widget\" data-settings=\"{&quot;wdt_mqa_direction&quot;:&quot;right-to-left&quot;,&quot;_animation&quot;:&quot;fadeInRight&quot;,&quot;wdt_animation_effect&quot;:&quot;none&quot;}\" data-widget_type=\"wdt-animation.default\">\n\t\t\t\t<div class=\"elementor-widget-container\">\n\t\t\t\t\t<div class=\"wdt-animation-holder \" id=\"wdt-animation-7727d98\" data-settings=\"{&quot;direction&quot;:&quot;right-to-left&quot;}\"><div class=\"wdt-animation-wrapper\"><div class=\"wdt-animation-main-marqee right-to-left\"><div class=\"wdt-animation-item icon-item\"><i><\/i><\/div><div class=\"wdt-animation-item text-item\"><div class=\"wdt-animation-text\"><a href=\"#\">Lib\u00e9ration<\/a><\/div><\/div><div class=\"wdt-animation-item icon-item\"><i><\/i><\/div><div class=\"wdt-animation-item text-item\"><div class=\"wdt-animation-text\"><a href=\"#\">Transformation<\/a><\/div><\/div><\/div><div class=\"wdt-animation-cloned-marqee\"><div class=\"wdt-animation-item icon-item\"><i><\/i><\/div><div class=\"wdt-animation-item text-item\"><div class=\"wdt-animation-text\"><a href=\"#\">Lib\u00e9ration<\/a><\/div><\/div><div class=\"wdt-animation-item icon-item\"><i><\/i><\/div><div class=\"wdt-animation-item text-item\"><div class=\"wdt-animation-text\"><a href=\"#\">Transformation<\/a><\/div><\/div><\/div><\/div><\/div>\t\t\t\t<\/div>\n\t\t\t\t<\/div>\n\t\t\t\t\t<\/div>\n\t\t\t\t<\/div>\n\t\t<div class=\"elementor-element elementor-element-34dc443 e-flex e-con-boxed e-con e-parent\" data-id=\"34dc443\" data-element_type=\"container\">\n\t\t\t\t\t<div class=\"e-con-inner\">\n\t\t\t\t<div class=\"elementor-element elementor-element-8081b9e elementor-widget elementor-widget-upcoming-event-listing\" data-id=\"8081b9e\" data-element_type=\"widget\" data-settings=\"{&quot;wdt_animation_effect&quot;:&quot;none&quot;}\" data-widget_type=\"upcoming-event-listing.default\">\n\t\t\t\t<div class=\"elementor-widget-container\">\n\t\t\t\t\t\t<div class=\"no_event_listings_found wpem-alert wpem-alert-danger wpem-mb-0\">\r\n\t\tIl n\u2019y a actuellement aucun \u00e9v\u00e8nement.\t<\/div>\r\n\t\t\t\t<\/div>\n\t\t\t\t<\/div>\n\t\t\t\t\t<\/div>\n\t\t\t\t<\/div>\n\t\t<div class=\"elementor-element elementor-element-b4f4366 e-flex e-con-boxed e-con e-parent\" data-id=\"b4f4366\" data-element_type=\"container\">\n\t\t\t\t\t<div class=\"e-con-inner\">\n\t\t\t\t<div class=\"elementor-element elementor-element-7ee60fc elementor-widget elementor-widget-shortcode\" data-id=\"7ee60fc\" data-element_type=\"widget\" data-settings=\"{&quot;wdt_animation_effect&quot;:&quot;none&quot;}\" data-widget_type=\"shortcode.default\">\n\t\t\t\t<div class=\"elementor-widget-container\">\n\t\t\t\t\t\t\t<div class=\"elementor-shortcode\"><div data-momo-schedule=\"https:\/\/www.momoyoga.com\/empower\/\"><\/div><\/div>\n\t\t\t\t\t\t<\/div>\n\t\t\t\t<\/div>\n\t\t\t\t\t<\/div>\n\t\t\t\t<\/div>\n\t\t\t\t<\/div>\n\t\t","protected":false},"excerpt":{"rendered":"<p>Programme EMPOWER Un cycle de transformation int\u00e9rieure \u00e0 travers plusieures pratiques: BreathWork &#8211; Meditation Active- lib\u00e9ration \u00c9motionnelle &#8211; Enseignements Spirituels &#8211; Nettoyages \u00c9nerg\u00e9tique &#8211; sound Healing &#8211; Yoga et Reiki [&hellip;]<\/p>\n","protected":false},"author":1,"featured_media":0,"parent":0,"menu_order":0,"comment_status":"closed","ping_status":"closed","template":"","meta":{"_price":"","_stock":"","_tribe_ticket_header":"","_tribe_default_ticket_provider":"","_tribe_ticket_capacity":"0","_ticket_start_date":"","_ticket_end_date":"","_tribe_ticket_show_description":"","_tribe_ticket_show_not_going":false,"_tribe_ticket_use_global_stock":"","_tribe_ticket_global_stock_level":"","_global_stock_mode":"","_global_stock_cap":"","_tribe_rsvp_for_event":"","_tribe_ticket_going_count":"","_tribe_ticket_not_going_count":"","_tribe_tickets_list":"[]","_tribe_ticket_has_attendee_info_fields":false,"footnotes":"","_tec_slr_enabled":"","_tec_slr_layout":""},"class_list":["post-5597","page","type-page","status-publish","hentry"],"ticketed":false,"_links":{"self":[{"href":"https:\/\/maitresaliha.ma\/index.php\/wp-json\/wp\/v2\/pages\/5597","targetHints":{"allow":["GET"]}}],"collection":[{"href":"https:\/\/maitresaliha.ma\/index.php\/wp-json\/wp\/v2\/pages"}],"about":[{"href":"https:\/\/maitresaliha.ma\/index.php\/wp-json\/wp\/v2\/types\/page"}],"author":[{"embeddable":true,"href":"https:\/\/maitresaliha.ma\/index.php\/wp-json\/wp\/v2\/users\/1"}],"replies":[{"embeddable":true,"href":"https:\/\/maitresaliha.ma\/index.php\/wp-json\/wp\/v2\/comments?post=5597"}],"version-history":[{"count":147,"href":"https:\/\/maitresaliha.ma\/index.php\/wp-json\/wp\/v2\/pages\/5597\/revisions"}],"predecessor-version":[{"id":6738,"href":"https:\/\/maitresaliha.ma\/index.php\/wp-json\/wp\/v2\/pages\/5597\/revisions\/6738"}],"wp:attachment":[{"href":"https:\/\/maitresaliha.ma\/index.php\/wp-json\/wp\/v2\/media?parent=5597"}],"curies":[{"name":"wp","href":"https:\/\/api.w.org\/{rel}","templated":true}]}}