{"id":5560,"date":"2024-06-21T15:04:40","date_gmt":"2024-06-21T15:04:40","guid":{"rendered":"https:\/\/maitresaliha.ma\/index.php\/events\/"},"modified":"2025-02-23T21:50:14","modified_gmt":"2025-02-23T21:50:14","slug":"events","status":"publish","type":"page","link":"https:\/\/maitresaliha.ma\/index.php\/events\/","title":{"rendered":"Events"},"content":{"rendered":"\t\t<div data-elementor-type=\"wp-page\" data-elementor-id=\"5560\" class=\"elementor elementor-5560\" data-elementor-post-type=\"page\">\n\t\t\t\t<div class=\"elementor-element elementor-element-68c065f e-flex e-con-boxed e-con e-parent\" data-id=\"68c065f\" data-element_type=\"container\">\n\t\t\t\t\t<div class=\"e-con-inner\">\n\t\t\t\t<div class=\"elementor-element elementor-element-0afc6c1 elementor-widget elementor-widget-upcoming-event-listing\" data-id=\"0afc6c1\" data-element_type=\"widget\" data-settings=\"{&quot;wdt_animation_effect&quot;:&quot;none&quot;}\" data-widget_type=\"upcoming-event-listing.default\">\n\t\t\t\t<div class=\"elementor-widget-container\">\n\t\t\t\t\t\t<div class=\"no_event_listings_found wpem-alert wpem-alert-danger wpem-mb-0\">\r\n\t\tIl n\u2019y a actuellement aucun \u00e9v\u00e8nement.\t<\/div>\r\n\t\t\t\t<\/div>\n\t\t\t\t<\/div>\n\t\t\t\t\t<\/div>\n\t\t\t\t<\/div>\n\t\t<div class=\"elementor-element elementor-element-e1bdfd0 e-flex e-con-boxed e-con e-parent\" data-id=\"e1bdfd0\" data-element_type=\"container\">\n\t\t\t\t\t<div class=\"e-con-inner\">\n\t\t\t\t<div class=\"elementor-element elementor-element-bceac51 elementor-widget elementor-widget-event-listing\" data-id=\"bceac51\" data-element_type=\"widget\" data-settings=\"{&quot;wdt_animation_effect&quot;:&quot;none&quot;}\" data-widget_type=\"event-listing.default\">\n\t\t\t\t<div class=\"elementor-widget-container\">\n\t\t\t\t\t<div class=\"event_listings\" data-location=\"\" data-keywords=\"\" data-show_filters=\"true\" data-show_pagination=\"false\" data-per_page=\"10\" data-orderby=\"event_start_date\" data-order=\"DESC\" data-datetimes=\"\" data-categories=\"\" data-event_types=\"\" data-ticket_prices=\"\" data-event_online=\"\" >\r\n<form class=\"wpem-main wpem-form-wrapper wpem-event-filter-wrapper event_filters\" id=\"event_filters\">\r\n\t\t<div class=\"search_events search-form-container\">\r\n\t\t\t\t<div class=\"wpem-row\">\r\n\t\t\t<!-- Search by keywords section start -->\r\n\t\t\t<div class=\"wpem-col\">\r\n\t\t\t\t<!-- shows default keywords text field  start-->\r\n\t\t\t\t<div class=\"wpem-form-group\">\r\n\t\t\t\t\t<label for=\"search_keywords\" class=\"wpem-form-label\">Mots cl\u00e9s<\/label>\r\n\t\t\t\t\t<input type=\"text\" name=\"search_keywords\" id=\"search_keywords\" placeholder=\"Mots cl\u00e9s\" value=\"\" \/>\r\n\t\t\t\t<\/div>\r\n\t\t\t\t<!-- shows default keywords text field end -->\r\n\t\t\t<\/div>\r\n\t\t\t<!-- Search by keywords section end-->\r\n\r\n\t\t\t<!-- Search by location section start -->\r\n\t\t\t<div class=\"wpem-col\">\r\n\t\t\t\t<div class=\"wpem-form-group wpem-location-container\">\r\n\t\t\t\t\t<label for=\"search_location\" class=\"wpem-form-label\">Lieu<\/label>\r\n\t\t\t\t\t<input type=\"text\" name=\"search_location\" id=\"search_location\" placeholder=\"Lieu\" value=\"\" \/>\r\n\t\t\t\t<\/div>\r\n\t\t\t<\/div>\r\n\t\t\t<!-- Search by location section end -->\r\n\r\n\t\t\t<!-- Search by date section start -->\r\n\t\t\t\r\n\t\t\t\t<div class=\"wpem-col\">\r\n\t\t\t\t\t<div class=\"wpem-form-group\">\r\n\t\t\t\t\t\t<label for=\"search_datetimes\" class=\"wpem-form-label\">N\u2019importe quelles dates<\/label>\r\n\t\t\t\t\t\t<input type=\"text\" name=\"search_datetimes[]\" id=\"search_datetimes\" value='' class=\"event-manager-category-dropdown date_range_picker\">\r\n\t\t\t\t\t<\/div>\r\n\t\t\t\t<\/div>\r\n\t\t\t\t\t\t<!-- Search by date section end -->\r\n\r\n\t\t<\/div> <!-- \/row -->\r\n\t\t<div class=\"wpem-row\">\r\n\t\t\t<!-- Search by event categories section start -->\r\n\t\t\t\t\t\t\t<div class=\"wpem-col\">\r\n\t\t\t\t\t<div class=\"wpem-form-group\">\r\n\t\t\t\t\t\t<label for=\"search_categories\" class=\"wpem-form-label\">Cat\u00e9gorie<\/label>\r\n\t\t\t\t\t\t<select name='search_categories[]' id='search_categories' class='event-manager-category-dropdown '  data-placeholder='Choisissez une cat\u00e9gorie' data-no_results_text='Aucun r\u00e9sultat ne correspond' data-multiple_text='Choisissez une cat\u00e9gorie'>\n<option value=\"\">Choisir une cat\u00e9gorie\u00a0d\u2019\u00e9v\u00e8nement<\/option>\t<option class=\"level-0\" value=\"ateliers\">Ateliers<\/option>\n\t<option class=\"level-0\" value=\"formation\">FORMATION<\/option>\n\t<option class=\"level-0\" value=\"retraite\">Retraite<\/option>\n<\/select>\n\t\t\t\t\t<\/div>\r\n\t\t\t\t<\/div>\r\n\t\t\t\t\t\t<!-- Search by event categories section end -->\r\n\r\n\t\t\t<!-- Search by event type section start -->\r\n\t\t\t\t\t\t\t\t<div class=\"wpem-col\">\r\n\t\t\t\t\t\t<div class=\"wpem-form-group\">\r\n\t\t\t\t\t\t\t<label for=\"search_ticket_prices\" class=\"wpem-form-label\">Prix des billets<\/label>\r\n\t\t\t\t\t\t\t<select name=\"search_ticket_prices[]\" id=\"search_ticket_prices\" class=\"event-manager-category-dropdown\" data-placeholder=\"Choose any ticket price\u2026\" data-no_results_text=\"Aucun r\u00e9sultat ne correspond\" data-multiple_text=\"\">\r\n\t\t\t\t\t\t\t\t\t\t\t\t\t\t\t\t\t\t<option value=\"\">Tout prix de billet<\/option>\r\n\t\t\t\t\t\t\t\t\t\t\t\t\t\t\t\t\t\t<option value=\"ticket_price_paid\">Pay\u00e9<\/option>\r\n\t\t\t\t\t\t\t\t\t\t\t\t\t\t\t\t\t\t<option value=\"ticket_price_free\">Gratuit<\/option>\r\n\t\t\t\t\t\t\t\t\t\t\t\t\t\t\t<\/select>\r\n\t\t\t\t\t\t<\/div>\r\n\t\t\t\t\t<\/div>\r\n\t\t\t\t\t\t\t<!-- Search by event type section end -->\r\n\t\t<\/div> <!-- \/row -->\r\n\r\n\t\t\r\n\t<\/div>\r\n\t<div class=\"showing_applied_filters\"><\/div><\/form>\r\n<noscript>Votre navigateur ne supporte pas JavaScript, ou il est d\u00e9sactiv\u00e9. JavaScript doit \u00eatre activ\u00e9 pour voir les annonces.<\/noscript><div class=\"wpem-main wpem-event-listings-header\">\r\n    <div class=\"wpem-row\">\r\n        <div class=\"wpem-col wpem-col-12 wpem-col-sm-6 wpem-col-md-6 wpem-col-lg-8\">\r\n            <div class=\"wpem-event-listing-header-title\">\r\n                                    <h2 class=\"wpem-heading-text\">\u00c9v\u00e8nements<\/h2>\r\n                            <\/div>\r\n        <\/div>\r\n        <div class=\"wpem-col wpem-col-12 wpem-col-sm-6 wpem-col-md-6 wpem-col-lg-4\">\r\n            <div class=\"wpem-event-layout-action-wrapper\">\r\n                <div class=\"wpem-event-layout-action\">\r\n                                                                    <div class=\"wpem-event-layout-icon wpem-event-box-layout\" title=\"Vue en bo\u00eete d\u2019\u00e9v\u00e8nements\" id=\"wpem-event-box-layout\"><i class=\"wpem-icon-stop2\"><\/i><\/div>\r\n                        <div class=\"wpem-event-layout-icon wpem-event-list-layout wpem-active-layout\" title=\"Vue en liste des \u00e9v\u00e8nements\" id=\"wpem-event-list-layout\"><i class=\"wpem-icon-menu\"><\/i><\/div>\r\n                                                            <\/div>\r\n            <\/div>\r\n        <\/div>\r\n    <\/div>\r\n<\/div>\r\n\r\n<!-- Event listing view -->\r\n\r\n<div class=\"event_listings_main\">\r\n    <div id=\"event-listing-view\" class=\"wpem-main wpem-event-listings event_listings wpem-event-listing-list-view\" data-id=\"all\"><\/div>\r\n<div id=\"load_more_events_loader\"><a class=\"load_more_events\" id=\"load_more_events\" href=\"#\"><strong>Charger plus d\u2019\u00e9v\u00e8nements<\/strong><\/a><\/div><\/div>\r\n<\/div>\t\t\t\t<\/div>\n\t\t\t\t<\/div>\n\t\t\t\t\t<\/div>\n\t\t\t\t<\/div>\n\t\t\t\t<\/div>\n\t\t","protected":false},"excerpt":{"rendered":"<p>Upcoming Events 10 May 10 May &#8211; 11 May FORMATION REIKI 1 2025-05-10 09:00 AM &#8211; 2025-05-11 05:00 PM MAARIF #Paid 11 Apr 11 Apr &#8211; 13 Apr Retraite Spirituelle [&hellip;]<\/p>\n","protected":false},"author":1,"featured_media":0,"parent":0,"menu_order":0,"comment_status":"closed","ping_status":"closed","template":"","meta":{"_price":"","_stock":"","_tribe_ticket_header":"","_tribe_default_ticket_provider":"","_tribe_ticket_capacity":"0","_ticket_start_date":"","_ticket_end_date":"","_tribe_ticket_show_description":"","_tribe_ticket_show_not_going":false,"_tribe_ticket_use_global_stock":"","_tribe_ticket_global_stock_level":"","_global_stock_mode":"","_global_stock_cap":"","_tribe_rsvp_for_event":"","_tribe_ticket_going_count":"","_tribe_ticket_not_going_count":"","_tribe_tickets_list":"[]","_tribe_ticket_has_attendee_info_fields":false,"footnotes":"","_tec_slr_enabled":"","_tec_slr_layout":""},"class_list":["post-5560","page","type-page","status-publish","hentry"],"ticketed":false,"_links":{"self":[{"href":"https:\/\/maitresaliha.ma\/index.php\/wp-json\/wp\/v2\/pages\/5560","targetHints":{"allow":["GET"]}}],"collection":[{"href":"https:\/\/maitresaliha.ma\/index.php\/wp-json\/wp\/v2\/pages"}],"about":[{"href":"https:\/\/maitresaliha.ma\/index.php\/wp-json\/wp\/v2\/types\/page"}],"author":[{"embeddable":true,"href":"https:\/\/maitresaliha.ma\/index.php\/wp-json\/wp\/v2\/users\/1"}],"replies":[{"embeddable":true,"href":"https:\/\/maitresaliha.ma\/index.php\/wp-json\/wp\/v2\/comments?post=5560"}],"version-history":[{"count":28,"href":"https:\/\/maitresaliha.ma\/index.php\/wp-json\/wp\/v2\/pages\/5560\/revisions"}],"predecessor-version":[{"id":6777,"href":"https:\/\/maitresaliha.ma\/index.php\/wp-json\/wp\/v2\/pages\/5560\/revisions\/6777"}],"wp:attachment":[{"href":"https:\/\/maitresaliha.ma\/index.php\/wp-json\/wp\/v2\/media?parent=5560"}],"curies":[{"name":"wp","href":"https:\/\/api.w.org\/{rel}","templated":true}]}}